{"id":1447,"date":"2011-12-29T01:11:14","date_gmt":"2011-12-29T07:11:14","guid":{"rendered":"http:\/\/darserca.wwwmi3-ts1.a2hosted.com\/wp\/?page_id=1447"},"modified":"2011-12-29T01:11:14","modified_gmt":"2011-12-29T07:11:14","slug":"sdr-method-for-treatment-of-spastic-cerebral-palsy","status":"publish","type":"page","link":"https:\/\/darserca.org\/pl\/sdr-method-for-treatment-of-spastic-cerebral-palsy\/","title":{"rendered":"SDR &#8211; Method for Treatment of Spastic Cerebral Palsy"},"content":{"rendered":"<p>&nbsp;<\/p>\n<p>Selektywna rizotomia grzbietowa (ang. selective dorsal rhizotomy, SDR) to metoda leczenia spastyczno\u015bci oferowana w Centrum Leczenia Spastyczno\u015bci w M\u00f3zgowym Pora\u017ceniu Dzieci\u0119cym w Szpitalu Dzieci\u0119cym w St. Louis.<\/p>\n<p>Poni\u017cej przestawiamy\u00a0list\u0119 odno\u015bnik\u00f3w na strony\u00a0Szpitala Dzieci\u0119cego w St. Louis gdzie mo\u017cna znale\u017a\u0107 informacje w j\u0119zyku polskim na temat metody SDR:<\/p>\n<ul>\n<li><a href=\"https:\/\/darserca.org\/wp\/wp-content\/uploads\/broszury\/SelectiveDorsalRhizotomy_POL.pdf\">Pobierz broszur\u0119 o SDR<\/a><a href=\"https:\/\/darserca.org\/wp\/wp-content\/uploads\/broszury\/SelectiveDorsalRhizotomy_POL.pdf\"><img loading=\"lazy\" class=\"alignnone size-full wp-image-1072\" title=\"Dokument w formacie PDF\" src=\"https:\/\/darserca.org\/new\/wp-content\/uploads\/2011\/05\/pdf_icon.jpg\" alt=\"Dokument w formacie PDF\" width=\"32\" height=\"32\" \/><\/a><\/li>\n<li><a href=\"https:\/\/www.stlouischildrens.org\/content\/medservices\/aboutcpspasticitypolish.htm\">Spastyczno\u015b\u0107 w m\u00f3zgowym pora\u017ceniu dzieci\u0119cym<\/a><\/li>\n<li><a href=\"https:\/\/www.stlouischildrens.org\/content\/medservices\/selektywnarizotomiagrzbietowa.htm\">Selektywna rizotomia grzbietowa (SDR)<\/a><\/li>\n<li><a href=\"https:\/\/www.stlouischildrens.org\/content\/medservices\/selekcjapacjentow.htm\">Selekcja\u00a0pacjent\u00f3w<\/a><\/li>\n<li><a href=\"https:\/\/www.stlouischildrens.org\/content\/medservices\/ocenaprzedoperacyjna.htm\">Ocena przedoperacyjna<\/a><\/li>\n<li><a href=\"https:\/\/www.stlouischildrens.org\/content\/medservices\/opiekapooperacyjnadzieci.htm\">Opieka pooperacyjna dzieci<\/a><\/li>\n<li><a href=\"https:\/\/www.stlouischildrens.org\/content\/medservices\/operacjewydluzaniasciegnaposdr.htm\">Operacje wyd\u0142u\u017cania \u015bci\u0119gna Achillesa po SDR<\/a><\/li>\n<li><a href=\"https:\/\/www.stlouischildrens.org\/content\/medservices\/slowniczek.htm\">S\u0142owniczek<\/a><\/li>\n<\/ul>\n<hr \/>\n<div data-ft=\"{&quot;type&quot;:11}\"><strong><a href=\"https:\/\/pl-pl.facebook.com\/groups\/327548473060\/\">SDR POLAND<\/a><\/strong><\/div>\n<div data-ft=\"{&quot;type&quot;:11}\"><strong><\/strong>\u00a0<\/div>\n<div>Grupa o SDR na facebooku. \u00a0Grupa SDR Poland zostala utowrzona przez mamy dla mam.<\/div>\n<p><\/p>","protected":false},"excerpt":{"rendered":"<p>&nbsp; Selektywna rizotomia grzbietowa (ang. selective dorsal rhizotomy, SDR) to metoda leczenia spastyczno\u015bci oferowana w Centrum Leczenia Spastyczno\u015bci w M\u00f3zgowym Pora\u017ceniu Dzieci\u0119cym w Szpitalu Dzieci\u0119cym&hellip;<\/p>\n","protected":false},"author":1,"featured_media":0,"parent":0,"menu_order":0,"comment_status":"closed","ping_status":"closed","template":"","meta":[],"_links":{"self":[{"href":"https:\/\/darserca.org\/pl\/wp-json\/wp\/v2\/pages\/1447"}],"collection":[{"href":"https:\/\/darserca.org\/pl\/wp-json\/wp\/v2\/pages"}],"about":[{"href":"https:\/\/darserca.org\/pl\/wp-json\/wp\/v2\/types\/page"}],"author":[{"embeddable":true,"href":"https:\/\/darserca.org\/pl\/wp-json\/wp\/v2\/users\/1"}],"replies":[{"embeddable":true,"href":"https:\/\/darserca.org\/pl\/wp-json\/wp\/v2\/comments?post=1447"}],"version-history":[{"count":0,"href":"https:\/\/darserca.org\/pl\/wp-json\/wp\/v2\/pages\/1447\/revisions"}],"wp:attachment":[{"href":"https:\/\/darserca.org\/pl\/wp-json\/wp\/v2\/media?parent=1447"}],"curies":[{"name":"wp","href":"https:\/\/api.w.org\/{rel}","templated":true}]}}