{"id":157,"date":"2011-08-08T01:53:46","date_gmt":"2011-08-08T01:53:46","guid":{"rendered":"http:\/\/darserca.wwwmi3-ts1.a2hosted.com\/wp\/?page_id=157"},"modified":"2020-03-07T03:36:12","modified_gmt":"2020-03-07T03:36:12","slug":"how-we-help-children","status":"publish","type":"page","link":"https:\/\/darserca.org\/pl\/how-we-help-children\/","title":{"rendered":"Jak pomagamy dzieciom"},"content":{"rendered":"<p><a href=\"https:\/\/darserca.org\/new\/wp-content\/uploads\/2011\/08\/P20.jpg\"><img loading=\"lazy\" class=\"size-medium wp-image-183 alignright\" style=\"margin-left: 10px; margin-right: 10px;\" title=\"Summer Camp\" src=\"https:\/\/darserca.org\/new\/wp-content\/uploads\/2011\/08\/P20-300x225.jpg\" alt=\"Summer Camp 2011\" width=\"300\" height=\"225\" srcset=\"https:\/\/darserca.org\/new\/wp-content\/uploads\/2011\/08\/P20-300x225.jpg 300w, https:\/\/darserca.org\/new\/wp-content\/uploads\/2011\/08\/P20.jpg 533w\" sizes=\"(max-width: 300px) 100vw, 300px\" \/><\/a>Ka\u017cde dziecko przyje\u017cd\u017caj\u0105ce na leczenie do USA mo\u017ce skorzysta\u0107 z naszej pomocy. Nasz\u0105 misj\u0105 jest zapewnienie wszystkim podopiecznym mieszkania, utrzymania transportu i t\u0142umaczy oraz wiele innych serwis\u00f3w zwi\u0105zanych z ich leczeniem.<\/p>\n<p>Umo\u017cliwiamy rownie\u017a leczenie niepe\u0142nosprawnym dzieciom z Polski i innych kraj\u00f3w Europy, kt\u00f3re nie maj\u0105 szans na pomoc u siebie w kraju.<\/p>\n<p>W ci\u0105gu ponad dwudziestu lat dzia\u0142alno\u015bci zaopiekowali\u015bmy si\u0119 kilkuset dzie\u0107mi, kt\u00f3re dzi\u0119ki temu odby\u0142y leczenie w nowoczesnych szpitalach i klinikach na terenie USA.<\/p>\n<p><strong>Na etapie starania sie o przyj\u0119cie dziecka na leczenie w USA, <\/strong>kontaktujemy si\u0119 ze szpitalem, zaznajamiamy z procedur\u0105 i warunkami\u00a0przyj\u0119\u0107, oraz przekazujemy te informacje rodzicom. Z regu\u0142y przegl\u0105damy dokumenty zgromadzone przez rodzic\u00f3w pod k\u0105tem usuni\u0119cia ewentualnych brak\u00f3w.<\/p>\n<div><\/div>\n<div><strong>W momencie\u00a0gdy dziecko zostaje przyj\u0119te na leczenie,<em>\u00a0<\/em><\/strong>\u00a0wyst\u0119pujemy o wiz\u0119 dla niego i rodzica i o zni\u017ckowe bilety na transport w obie strony.<\/div>\n<div><\/div>\n<div><strong><a href=\"https:\/\/darserca.org\/new\/wp-content\/uploads\/2011\/07\/100_1088.jpg\"><img loading=\"lazy\" class=\"alignleft size-medium wp-image-119\" style=\"margin-left: 10px; margin-right: 10px;\" title=\"100_1088\" src=\"https:\/\/darserca.org\/new\/wp-content\/uploads\/2011\/07\/100_1088-300x225.jpg\" alt=\"Alan lubi malowac\" width=\"300\" height=\"225\" srcset=\"https:\/\/darserca.org\/new\/wp-content\/uploads\/2011\/07\/100_1088-300x225.jpg 300w, https:\/\/darserca.org\/new\/wp-content\/uploads\/2011\/07\/100_1088-1024x768.jpg 1024w, https:\/\/darserca.org\/new\/wp-content\/uploads\/2011\/07\/100_1088-768x576.jpg 768w, https:\/\/darserca.org\/new\/wp-content\/uploads\/2011\/07\/100_1088.jpg 1280w\" sizes=\"(max-width: 300px) 100vw, 300px\" \/><\/a>W chwili gdy dziecko i rodzice przyje\u017cd\u017caj\u0105 na leczenie,\u00a0<\/strong>na miejsce przyjazdu podstawiamy \u015brodek transportu, kt\u00f3ry zabiera ich do naszego Centrum. Od momentu przyjazdu udzielamy dziecku i rodzicowi wielostronnej pomocy, na kt\u00f3r\u0105 sk\u0142adaj\u0105 si\u0119: mieszkanie, utrzymanie, transport i us\u0142ugi t\u0142umacza. Pobyt zwi\u0105zany z leczeniem trwa niekiedy d\u0142ugie miesi\u0105ce; chc\u0105c, aby nie by\u0142 to czas edukacyjnie stracony, zach\u0119camy naszych ma\u0142ych podopiecznych do udzia\u0142u w prowadzonych w O\u015brodku zaj\u0119ciach dydaktyczno \u2013 wychowawczych. Sa one nieodp\u0142atne.<\/div>\n<div><\/div>\n<div>W miar\u0119 mo\u017cliwo\u015bci czasowych i organizacyjnych zabieramy dzieci i rodzic\u00f3w na r\u00f3\u017cnego rodzaju imprezy polonijne i\u00a0wycieczki.\u00a0 Organizujemy spotkania z r\u00f3wie\u015bnikami; staramy si\u0119 w miar\u0119 konsekwentnie wykonywa\u0107 to zadanie, maj\u0105c na wzgl\u0119dzie ogromne znaczenie psychicznego samopoczucia dzieci dla ich leczenia i rekonwalescencji.<\/div>\n<div><\/div>\n<div>Lokalnie w Centrum Dzieci Daru Serca w Schiller Park\u00a0oferujemy <a href=\"https:\/\/darserca.org\/wp\/index.php\/2011\/05\/14\/educational-workshop\/?lang=pl\">WARSZTATY EDUKACYJNE <\/a>dla dzieci niepe\u0142nosprawnych w dowolnym wieku. W zaj\u0119ciach mog\u0105 rownie\u017c uczestniczy\u0107 dzieci zdrowe jako woluntariusze (ochotnicy).\u00a0 Podstawowy program obejmuje: zaj\u0119cia plastyczne, pomoc w pracy domowej, czytaniu, matematyce. Program najcz\u0119sciej zwi\u0105zany jest tematycznie z por\u0105 roku oraz jest dostosowany do wieku i mozliwosci dziecka.<\/div>\n<p><\/p>","protected":false},"excerpt":{"rendered":"<p>Ka\u017cde dziecko przyje\u017cd\u017caj\u0105ce na leczenie do USA mo\u017ce skorzysta\u0107 z naszej pomocy. Nasz\u0105 misj\u0105 jest zapewnienie wszystkim podopiecznym mieszkania, utrzymania transportu i t\u0142umaczy oraz wiele&hellip;<\/p>\n","protected":false},"author":1,"featured_media":0,"parent":0,"menu_order":0,"comment_status":"closed","ping_status":"closed","template":"","meta":[],"_links":{"self":[{"href":"https:\/\/darserca.org\/pl\/wp-json\/wp\/v2\/pages\/157"}],"collection":[{"href":"https:\/\/darserca.org\/pl\/wp-json\/wp\/v2\/pages"}],"about":[{"href":"https:\/\/darserca.org\/pl\/wp-json\/wp\/v2\/types\/page"}],"author":[{"embeddable":true,"href":"https:\/\/darserca.org\/pl\/wp-json\/wp\/v2\/users\/1"}],"replies":[{"embeddable":true,"href":"https:\/\/darserca.org\/pl\/wp-json\/wp\/v2\/comments?post=157"}],"version-history":[{"count":0,"href":"https:\/\/darserca.org\/pl\/wp-json\/wp\/v2\/pages\/157\/revisions"}],"wp:attachment":[{"href":"https:\/\/darserca.org\/pl\/wp-json\/wp\/v2\/media?parent=157"}],"curies":[{"name":"wp","href":"https:\/\/api.w.org\/{rel}","templated":true}]}}