{"id":164,"date":"2011-08-08T02:26:55","date_gmt":"2011-08-08T02:26:55","guid":{"rendered":"http:\/\/darserca.wwwmi3-ts1.a2hosted.com\/wp\/?page_id=164"},"modified":"2011-08-08T02:26:55","modified_gmt":"2011-08-08T02:26:55","slug":"multimedia","status":"publish","type":"page","link":"https:\/\/darserca.org\/pl\/multimedia\/","title":{"rendered":"Multimedia"},"content":{"rendered":"<p><\/p>\n<div class=\"more-link\" style=\"text-align: left;\"><strong><span style=\"font-size: large;\">\u00a0<\/span><\/strong><\/div>\n<table width=\"660\" border=\"0\" cellspacing=\"10\" cellpadding=\"1\">\n<tbody>\n<tr>\n<td style=\"font-family: Tahoma; font-size: small;\" valign=\"top\" width=\"330\">\n<div class=\"more-link\" style=\"text-align: left;\">\n<h4>\u00a0<strong><a href=\"https:\/\/www.youtube.com\/darserca\">Filmoteka &#8211; Dar Serca\u00a0na\u00a0YouTube<\/a><\/strong>\u00a0<\/h4>\n<p><iframe loading=\"lazy\" title=\"YouTube video player\" src=\"https:\/\/www.youtube.com\/embed\/AurBaD34dbw\" frameborder=\"0\" width=\"320\" height=\"270\"><\/iframe><\/p>\n<p>Ma\u0142a Abusia robi wielkie post\u0119py w chodzeniu,\u00a0ju\u017c w 3 mies\u0105ce\u00a0po operacji\u00a0SDR (Selective Dorsal Rhizotomy)<\/p>\n<p>&nbsp;<\/p>\n<h3><script type=\"text\/javascript\" language=\"JavaScript\" src=\"https:\/\/darserca.org\/wp\/flash\/audio-player.js\">\/\/ <![CDATA[\n\n\/\/ ]]><\/script><strong>Audio, Materia\u0142y Radiowe<\/strong><\/h3>\n<p><object id=\"audioplayer1\" width=\"320\" height=\"20\" classid=\"clsid:d27cdb6e-ae6d-11cf-96b8-444553540000\" codebase=\"https:\/\/download.macromedia.com\/pub\/shockwave\/cabs\/flash\/swflash.cab#version=6,0,40,0\"><param name=\"FlashVars\" value=\"playerID=audioplayer1&amp;soundFile=https:\/\/darserca.org\/wp\/upfiles\/media\/Audio\/DarSercaWywiad122110.mp3\" \/><param name=\"quality\" value=\"high\" \/><param name=\"menu\" value=\"false\" \/><param name=\"wmode\" value=\"transparent\" \/><param name=\"src\" value=\"https:\/\/darserca.org\/wp\/flash\/player.swf\" \/><embed id=\"audioplayer1\" width=\"320\" height=\"20\" type=\"application\/x-shockwave-flash\" src=\"https:\/\/darserca.org\/wp\/flash\/player.swf\" FlashVars=\"playerID=audioplayer1&amp;soundFile=https:\/\/darserca.org\/wp\/upfiles\/media\/Audio\/DarSercaWywiad122110.mp3\" quality=\"high\" menu=\"false\" wmode=\"transparent\" \/><\/object><\/p>\n<p>Dec 21, 2010 &#8211; Kubu\u015b\u00a0i mama\u00a0Magdalena,\u00a0 wywiad o\u00a0operacji\u00a0SDR\u00a0na WNVR 1030AM.<\/p>\n<p><script type=\"text\/javascript\" language=\"JavaScript\" src=\"https:\/\/darserca.org\/wp\/flash\/audio-player.js\">\/\/ <![CDATA[\n\n\/\/ ]]><\/script><object id=\"audioplayer1\" width=\"320\" height=\"20\" classid=\"clsid:d27cdb6e-ae6d-11cf-96b8-444553540000\" codebase=\"https:\/\/download.macromedia.com\/pub\/shockwave\/cabs\/flash\/swflash.cab#version=6,0,40,0\"><param name=\"FlashVars\" value=\"playerID=audioplayer1&amp;soundFile=https:\/\/darserca.org\/wp\/upfiles\/media\/Audio\/DarSercaWywiad120710.mp3\" \/><param name=\"quality\" value=\"high\" \/><param name=\"menu\" value=\"false\" \/><param name=\"wmode\" value=\"transparent\" \/><param name=\"src\" value=\"https:\/\/darserca.org\/wp\/flash\/player.swf\" \/><embed id=\"audioplayer1\" width=\"320\" height=\"20\" type=\"application\/x-shockwave-flash\" src=\"https:\/\/darserca.org\/wp\/flash\/player.swf\" FlashVars=\"playerID=audioplayer1&amp;soundFile=https:\/\/darserca.org\/wp\/upfiles\/media\/Audio\/DarSercaWywiad120710.mp3\" quality=\"high\" menu=\"false\" wmode=\"transparent\" \/><\/object><\/p>\n<p>Dec 7, 2010 &#8211; Debiut radiowy\u00a0Miko\u0142ajka na\u00a0WNVR 1030AM.<\/p>\n<p>&nbsp;<\/p>\n<\/div>\n<\/td>\n<td style=\"font-family: Tahoma; font-size: small;\" valign=\"top\" width=\"330\">\n<h4><span style=\"text-decoration: underline;\"><strong><a href=\"https:\/\/www.flickr.com\/photos\/darserca\/sets\/\">Galeria Zdj\u0119\u0107\u00a0&#8211; Dar Serca\u00a0na Flickr<\/a><\/strong><\/span><\/h4>\n<p><object width=\"320\" height=\"213\" classid=\"clsid:d27cdb6e-ae6d-11cf-96b8-444553540000\" codebase=\"https:\/\/download.macromedia.com\/pub\/shockwave\/cabs\/flash\/swflash.cab#version=6,0,40,0\"><param name=\"flashvars\" value=\"offsite=true&amp;lang=en-us&amp;page_show_url=%2Fphotos%2Fdarserca%2Fshow%2F&amp;page_show_back_url=%2Fphotos%2Fdarserca%2F&amp;user_id=63696879@N06&amp;jump_to=\" \/><param name=\"allowFullScreen\" value=\"true\" \/><param name=\"src\" value=\"https:\/\/www.flickr.com\/apps\/slideshow\/show.swf?v=104087\" \/><param name=\"allowfullscreen\" value=\"true\" \/><embed width=\"320\" height=\"213\" type=\"application\/x-shockwave-flash\" src=\"https:\/\/www.flickr.com\/apps\/slideshow\/show.swf?v=104087\" flashvars=\"offsite=true&amp;lang=en-us&amp;page_show_url=%2Fphotos%2Fdarserca%2Fshow%2F&amp;page_show_back_url=%2Fphotos%2Fdarserca%2F&amp;user_id=63696879@N06&amp;jump_to=\" allowFullScreen=\"true\" allowfullscreen=\"true\" \/><\/object><\/p>\n<p>&nbsp;<\/p>\n<h3><strong>Artyku\u0142y\u00a0Prasowe<\/strong><\/h3>\n<p><a href=\"https:\/\/darserca.org\/wp\/NMGPages\/Detale.aspx?NewsId=76\">Co s\u0142ycha\u0107 w Darze Serca \u2013 tydzie\u0144 w pigu\u0142ce.<\/a><\/p>\n<p><span style=\"line-height: 12px; color: gray; font-size: 10px;\">Dziennik Zwiazkowy, 2011-07-29<\/span><\/p>\n<p><a href=\"https:\/\/darserca.org\/wp\/NMGPages\/Detale.aspx?NewsId=75\">Dzieci przyje\u017cd\u017caj\u0105 i odje\u017cd\u017caj\u0105<\/a><\/p>\n<p><span style=\"line-height: 12px; color: gray; font-size: 10px;\">Dziennik Zwiazkowy, 2011-07-22<\/span><\/td>\n<\/tr>\n<\/tbody>\n<\/table>\n<p><\/p>","protected":false},"excerpt":{"rendered":"<p>\u00a0 \u00a0Filmoteka &#8211; Dar Serca\u00a0na\u00a0YouTube\u00a0 Ma\u0142a Abusia robi wielkie post\u0119py w chodzeniu,\u00a0ju\u017c w 3 mies\u0105ce\u00a0po operacji\u00a0SDR (Selective Dorsal Rhizotomy) &nbsp; Audio, Materia\u0142y Radiowe Dec 21,&hellip;<\/p>\n","protected":false},"author":1,"featured_media":0,"parent":0,"menu_order":0,"comment_status":"closed","ping_status":"closed","template":"","meta":[],"_links":{"self":[{"href":"https:\/\/darserca.org\/pl\/wp-json\/wp\/v2\/pages\/164"}],"collection":[{"href":"https:\/\/darserca.org\/pl\/wp-json\/wp\/v2\/pages"}],"about":[{"href":"https:\/\/darserca.org\/pl\/wp-json\/wp\/v2\/types\/page"}],"author":[{"embeddable":true,"href":"https:\/\/darserca.org\/pl\/wp-json\/wp\/v2\/users\/1"}],"replies":[{"embeddable":true,"href":"https:\/\/darserca.org\/pl\/wp-json\/wp\/v2\/comments?post=164"}],"version-history":[{"count":0,"href":"https:\/\/darserca.org\/pl\/wp-json\/wp\/v2\/pages\/164\/revisions"}],"wp:attachment":[{"href":"https:\/\/darserca.org\/pl\/wp-json\/wp\/v2\/media?parent=164"}],"curies":[{"name":"wp","href":"https:\/\/api.w.org\/{rel}","templated":true}]}}