{"id":38,"date":"2011-07-16T01:51:39","date_gmt":"2011-07-16T01:51:39","guid":{"rendered":"http:\/\/darserca.wwwmi3-ts1.a2hosted.com\/wp\/?page_id=38"},"modified":"2022-11-18T16:54:43","modified_gmt":"2022-11-18T16:54:43","slug":"how-you-can-help","status":"publish","type":"page","link":"https:\/\/darserca.org\/pl\/how-you-can-help\/","title":{"rendered":"Jak Ty mo\u017cesz pom\u00f3c"},"content":{"rendered":"<p><\/p>\n<div id=\"pageText\">\n<p>Od ofiarno\u015b\u0107i I hojno\u015bci naszych sponsor\u00f3w zale\u017cy zakres i skala pomocy, jakiej mo\u017cemy udzieli\u0107 niepe\u0142nosprawnym dzieciom.<\/p>\n<h4>Wp\u0142a\u0107 kart\u0105 <a href=\"https:\/\/www.paypal.com\/donate\/?hosted_button_id=CHLU3Z8SX8ZGU\"><img loading=\"lazy\" src=\"https:\/\/www.paypal.com\/en_US\/i\/bnr\/horizontal_solution_PPeCheck.gif\" alt=\"Donate\" width=\"150\" height=\"47\" align=\"absMiddle\" border=\"0\" hspace=\"10\" \/><\/a> lub <a href=\"https:\/\/darserca.org\/wp\/wp-content\/uploads\/pdf\/DirectDeposit.pdf\">przelewem ONLINE <\/a><\/h4>\n<h4>Zosta\u0144 regularnym sponsorem<\/h4>\n<p>Potrzebujemy sta\u0142ego wsparcia. Ka\u017cda regularnie wp\u0142acana kwota, daje nam mo\u017cliwo\u015b\u0107 niesienia pomocy niepe\u0142nosprawnym dzieciom. Dzi\u0119ki regularnym sponsorom mo\u017cemy im skutecznie pomaga\u0107.<\/p>\n<ul>\n<li>Wype\u0142nij formularz\u00a0<a href=\"https:\/\/darserca.org\/wp\/wp-content\/uploads\/pdf\/StalySponsorBankowy.pdf\">\u201cDeklaracja sponsorstwa \/ transfer bankowy\u201d<\/a> i prze\u015blij na address: 3860 25th Avenue, Schiller Park, IL 60176<\/li>\n<li>Sprawd\u017a programy wsparcia organizacji charytatywnych oferowane przez Twojego pracodawc\u0119 \u2013 donacje bezpo\u015brednie z wyp\u0142aty \/ czeku, donacje dodatkowe oferowane przez pracodawc\u0119 (Employee Matching Plan)<\/li>\n<\/ul>\n<h4>Zosta\u0144 wolontariuszem &#8211; Wolontariuszem mo\u017ce zosta\u0107 ka\u017cdy, kto chce wesprze\u0107 dzia\u0142ania Fundacji. Nasi wolontariusze m.in:<\/h4>\n<ul>\n<li>Wspieraj\u0105 Fundacj\u0119 przy organizacji r\u00f3\u017cnych akcji \u00a0zbierania funduszy dla dzieci, imprez plenerowych, konkurs\u00f3w \/ zawod\u00f3w<\/li>\n<li>Anga\u017cuj\u0105 si\u0119 w akcje pomocy dla naszych dzieci \u2013 zabieranie ich na wycieczki i polonijne imprezy, organizowanie spotka\u0144 z r\u00f3wie\u015bnikami;<\/li>\n<li>Pomagaj\u0105 w t\u0142umaczeniach, przygotowaniu ulotek i materia\u0142\u00f3w reklamowych, tworzeniu stron internetowych i kampani w mediach.<\/li>\n<li>Zajmuj\u0105 sie przewozem dzieci do szpitali, na lotnisko, imprezy, wyjazdy, itp.<\/li>\n<\/ul>\n<p><strong>Do\u0142\u0105cz do grona wolontariuszy Daru Serca;\u00a0 email: <a href=\"mailto:info@darserca.org\">info@darserca.org<\/a> \u00a0tel: 847-671-2711 <\/strong><\/p>\n<h4>Pole\u0107 nas innym \u2013 Promuj Dar Serca w\u015br\u00f3d internaut\u00f3w \u2013 Pole\u0107 nas swoim znajomym!<\/h4>\n<ul>\n<li>Masz Facebook? Polub nasze strony i pole\u0107 nas swoim znajomym. Odwied\u017a nas na Facebook <a href=\"https:\/\/www.facebook.com\/darserca\">PO POLSKU <\/a>lub <a href=\"https:\/\/www.facebook.com\/giftheart\">PO ANGIELSKU<\/a>. Zosta\u0144 naszym fanem!<\/li>\n<li>B\u0105d\u017a na bie\u017c\u0105co z Darem Serca. Do\u0142\u0105cz do nas na <a href=\"https:\/\/www.youtube.com\/user\/darserca\">YouTube\u00a0<\/a> <a href=\"http:\/\/www.insagram.com\">Instagram<\/a> i <a href=\"https:\/\/twitter.com\/darserca\">Twitter<\/a>!<\/li>\n<li>Promuj nasz\u0105 dzia\u0142alno\u015b\u0107 na swoich stronach. Wstaw banner Daru Serca na swoj\u0105 stron\u0119 lub blog.<\/li>\n<\/ul>\n<h4>Inne sposoby wsparcia<\/h4>\n<ul>\n<li>Mo\u017cesz uczyni\u0107\u00a0Dar Serca\u00a0spadkobierc\u0105 cz\u0119\u015bci lub ca\u0142o\u015bci swojego maj\u0105tku lub ubezpieczenia.<\/li>\n<li>Przeka\u017c dary rzeczowe naszym podopiecznymh: sprz\u0119t komputerowy, oprogramowanie, sprz\u0119t elektroniczny, nowe zabawki, gry dla dzieci<\/li>\n<li>Popieraj Fundacje poprzez korzystanie z wyszukiwarki\u00a0 <a href=\"https:\/\/www.goodsearch.com\/\">www.goodsearch.com<\/a> lub <a href=\"https:\/\/www.goodshop.com\/\">www.goodshop.com<\/a>. Przy kazdym uzyciu otrzymujemy donacje!\u00a0 Dziekujemy!<\/li>\n<li>Rob zakupy przez <a href=\"http:\/\/www.smile.amazon.com\">AmazonSmile<\/a>; od kazdej transakcji Amazon przekazuje 0.5% wydanej kwoty na rzecz dzieci Fundacji<\/li>\n<li>Transakcje na eBay mog\u0105 pom\u00f3c Fundacji!\u00a0 Jesli planujesz co\u015b kupi\u0107 lub sprzeda\u0107 poprzez eBay, zr\u00f3b to za po\u015brednictwem programu eBay Giving Works.<\/li>\n<\/ul>\n<h4>Fundacja Dar Serca jest organizacj\u0105 niedochodow\u0105 (501(c)(3) i wszystkie przekazane darowizny mog\u0105 by\u0107 odliczone od podatku federalnego zgodnie z obowi\u0105zuj\u0105cym prawem<\/h4>\n<\/div>\n<p><\/p>","protected":false},"excerpt":{"rendered":"<p>Od ofiarno\u015b\u0107i I hojno\u015bci naszych sponsor\u00f3w zale\u017cy zakres i skala pomocy, jakiej mo\u017cemy udzieli\u0107 niepe\u0142nosprawnym dzieciom. Wp\u0142a\u0107 kart\u0105 lub przelewem ONLINE Zosta\u0144 regularnym sponsorem Potrzebujemy&hellip;<\/p>\n","protected":false},"author":1,"featured_media":0,"parent":0,"menu_order":0,"comment_status":"closed","ping_status":"closed","template":"","meta":[],"_links":{"self":[{"href":"https:\/\/darserca.org\/pl\/wp-json\/wp\/v2\/pages\/38"}],"collection":[{"href":"https:\/\/darserca.org\/pl\/wp-json\/wp\/v2\/pages"}],"about":[{"href":"https:\/\/darserca.org\/pl\/wp-json\/wp\/v2\/types\/page"}],"author":[{"embeddable":true,"href":"https:\/\/darserca.org\/pl\/wp-json\/wp\/v2\/users\/1"}],"replies":[{"embeddable":true,"href":"https:\/\/darserca.org\/pl\/wp-json\/wp\/v2\/comments?post=38"}],"version-history":[{"count":0,"href":"https:\/\/darserca.org\/pl\/wp-json\/wp\/v2\/pages\/38\/revisions"}],"wp:attachment":[{"href":"https:\/\/darserca.org\/pl\/wp-json\/wp\/v2\/media?parent=38"}],"curies":[{"name":"wp","href":"https:\/\/api.w.org\/{rel}","templated":true}]}}