{"id":71,"date":"2011-07-18T02:10:16","date_gmt":"2011-07-18T02:10:16","guid":{"rendered":"http:\/\/darserca.wwwmi3-ts1.a2hosted.com\/wp\/?page_id=71"},"modified":"2020-03-07T03:28:49","modified_gmt":"2020-03-07T03:28:49","slug":"frequently-asked-questions","status":"publish","type":"page","link":"https:\/\/darserca.org\/pl\/frequently-asked-questions\/","title":{"rendered":"Najcz\u0119\u015bciej zadawane pytania"},"content":{"rendered":"<p><\/p>\n<div id=\"pageText\">\n<div><\/div>\n<div><span style=\"color: #000000;\"><strong>Jakie dzieci mog\u0105 otrzyma\u0107 pomoc Fundacji?<\/strong><\/span><\/div>\n<div><em>Wszystkie dzieci <strong>zaakceptowane na leczenie<\/strong> w USA mog\u0105 otrzyma\u0107 pomoc Fundacji w zakresie zakwaterowania, utrzymania, t\u0142umaczenia i transportu. <\/em><\/div>\n<div><em>Po szczeg\u00f3\u0142y prosz\u0119 dzwoni\u0107 na numer tel. 847-671-2711. M\u00f3wimy po polsku.<\/em><\/div>\n<div><\/div>\n<div><span style=\"color: #000000;\"><strong>Czy Fundacja pomaga na etapie starania sie o przyj\u0119cie dziecka na leczenie?<\/strong><\/span><\/div>\n<div><em>Jak najbardziej! Kontaktujemy si\u0119 ze szpitalem, zaznajamiamy z procdur\u0105 i warunkami\u00a0przyj\u0119\u0107, oraz przekazujemy te informacje rodzicom. Z regu\u0142y przegl\u0105damy dokumenty zgromadzone przez rodzic\u00f3w pod k\u0105tem usuni\u0119cia ewentualnych brak\u00f3w.<\/em><\/div>\n<div><\/div>\n<div><span style=\"color: #000000;\"><strong>Zak\u0142adaj\u0105c, \u017ce dziecko zosta\u0142o przyj\u0119te na leczenie. Co dalej?<\/strong><\/span><\/div>\n<div><em>Wyst\u0119pujemy o wiz\u0119 dla niego i rodzica i o zni\u017ckowe bilety na transport w obie strony.<\/em><\/div>\n<div><\/div>\n<div><span style=\"color: #000000;\"><strong>Jak wygl\u0105da pomoc. gdy dziecko i rodzic przyje\u017cd\u017caj\u0105 na leczenie?<\/strong><\/span><\/div>\n<div><em>Do miejsca przyjazdu podstawiamy \u015brodek transportu, kt\u00f3ry zabiera ich do naszego Centrum. Od momentu przyjazdu udzielamy dziecku i rodzicowi wielostronnej pomocy, na kt\u00f3r\u0105 sk\u0142adaj\u0105 si\u0119: mieszkanie, utrzymanie, transport i us\u0142ugi t\u0142umacza. Pobyt zwi\u0105zany z leczeniem trwa niekiedy d\u0142ugie miesi\u0105ce; chc\u0105c, aby nie by\u0142 to czas edukacyjnie stracony, zach\u0119camy naszych ma\u0142ych podopiecznych do udzia\u0142u w prowadzonych w O\u015brodku zaj\u0119ciach dydaktyczno \u2013 wychowawczych. Sa one nieodp\u0142atne. W miar\u0119 mo\u017cliwo\u015bci czasowych i organizacyjnych zabieramy dzieci i rodzic\u00f3w na r\u00f3\u017cnego rodzaju imprezy polonijne.<\/em><\/div>\n<div><\/div>\n<div><span style=\"color: #000000;\"><strong>Czy korzystanie z zaj\u0119\u0107 edukacyjnych i udzia\u0142 w imprezach polonijnyhch sa odp\u0142atne?<\/strong><\/span><\/div>\n<div><em>Nie. Ewentualne koszty pokrywa Fundacja.<\/em><\/div>\n<div><\/div>\n<div><span style=\"color: #000000;\"><strong>To wszystko ze strony organizacji. A czego oczekuje ona od podopiecznych?<\/strong><\/span><\/div>\n<div><em>Maksymalnej wsp\u00f3\u0142pracy tak, aby cel przyjazdu, czyli leczenie dziecka zosta\u0142 w jak najwi\u0119kszym stopniu zrealizowany. W gr\u0119 wchodz\u0105 ponadto r\u00f3\u017cne <strong><a title=\"Regulamin\" href=\"https:\/\/darserca.org\/wp\/index.php\/regulamin\/\">zasady porz\u0105dkowo-organizacyjne <\/a><\/strong>, kt\u00f3rych akceptacj\u0119 rodzice potwierdzaj\u0105 w\u0142asnym podpisem jeszcze przed przyj\u0119ciem pod opiek\u0119. Wa\u017cne tak\u017ce, aby spos\u00f3b funkcjonowania dzieci i rodzic\u00f3w stymulowa\u0142 \u015brodowisko polonijne do pomocy przysz\u0142ym ma\u0142ym pacjentom.<\/em><\/div>\n<div><\/div>\n<div><span style=\"color: #000000;\"><strong>Ile os\u00f3b mo\u017ce towarzysz\u0107 dziecku, w czasie gdy jest ono pod opiek\u0105 Fundacji?<\/strong><\/span><\/div>\n<div><em>Jeden rodzic \/opiekun, chyba \u017ce zachodz\u0105 okoliczno\u015bci szczeg\u00f3lne, takie np. jak du\u017ca waga dziecka poruszaj\u0105cego si\u0119 wy\u0142\u0105cznie na w\u00f3zku inwalidzkim.<\/em><\/div>\n<div><strong>\u00a0<\/strong><\/div>\n<div><span style=\"color: #000000;\"><strong>Czy mo\u017ce liczy\u0107 na pomoc dziecko, kt\u00f3re odby\u0142o pierwszy etap i po jakim\u015b czasie wraca na kolejny\/e. <\/strong><\/span><\/div>\n<div><em>Tak,\u00a0opiekujemy si\u0119 do momentu zako\u0144czenia terapii<\/em>.<\/div>\n<div><\/div>\n<div><span style=\"color: #000000;\"><strong>Masz inne pytania? <\/strong><\/span><\/div>\n<div><em>Napisz, ch\u0119tnie odpowiemy!<\/em><\/div>\n<div><a href=\"mailto:info@darserca.org\">info@darserca.org<\/a><\/div>\n<\/div>\n<p><\/p>","protected":false},"excerpt":{"rendered":"<p>Jakie dzieci mog\u0105 otrzyma\u0107 pomoc Fundacji? Wszystkie dzieci zaakceptowane na leczenie w USA mog\u0105 otrzyma\u0107 pomoc Fundacji w zakresie zakwaterowania, utrzymania, t\u0142umaczenia i transportu. Po&hellip;<\/p>\n","protected":false},"author":1,"featured_media":0,"parent":0,"menu_order":0,"comment_status":"closed","ping_status":"closed","template":"","meta":[],"_links":{"self":[{"href":"https:\/\/darserca.org\/pl\/wp-json\/wp\/v2\/pages\/71"}],"collection":[{"href":"https:\/\/darserca.org\/pl\/wp-json\/wp\/v2\/pages"}],"about":[{"href":"https:\/\/darserca.org\/pl\/wp-json\/wp\/v2\/types\/page"}],"author":[{"embeddable":true,"href":"https:\/\/darserca.org\/pl\/wp-json\/wp\/v2\/users\/1"}],"replies":[{"embeddable":true,"href":"https:\/\/darserca.org\/pl\/wp-json\/wp\/v2\/comments?post=71"}],"version-history":[{"count":0,"href":"https:\/\/darserca.org\/pl\/wp-json\/wp\/v2\/pages\/71\/revisions"}],"wp:attachment":[{"href":"https:\/\/darserca.org\/pl\/wp-json\/wp\/v2\/media?parent=71"}],"curies":[{"name":"wp","href":"https:\/\/api.w.org\/{rel}","templated":true}]}}