{"id":92,"date":"2011-07-20T04:08:17","date_gmt":"2011-07-20T04:08:17","guid":{"rendered":"http:\/\/darserca.wwwmi3-ts1.a2hosted.com\/wp\/?page_id=92"},"modified":"2022-10-13T17:51:31","modified_gmt":"2022-10-13T17:51:31","slug":"regulamin","status":"publish","type":"page","link":"https:\/\/darserca.org\/pl\/regulamin\/","title":{"rendered":"Regulamin"},"content":{"rendered":"<p><\/p>\n<div id=\"pageTitle\">ZASADY I WARUNKI POMOCY UDZIELANEJ PRZEZ DAR SERCA<\/div>\n<div id=\"pageText\">\n<p>Na podstawie artyku\u0142u 1 i 2 statutu\u00a0Fundacji Dar Serca\u00a0ustala si\u0119, co nast\u0119puje<\/p>\n<p>A. W celu umo\u017cliwienia dzieciom leczenia w szpitalach na terenie USA Dar Serca<\/p>\n<ul>\n<li>dostarcza informacj\u0119 na temat warunk\u00f3w uzyskania zgody na leczenie\u00a0i bezp\u0142atnie\u00a0druki poda\u0144 w tej sprawie; dostarczenie druk\u00f3w nie oznacza przyj\u0119cia dziecka (decyzja w tej sprawie nale\u017cy tylko i wyl\u0105cznie do szpitala), nie jest te\u017c r\u00f3wnoznaczne z zobowiazaniem si\u0119 Fundacji do obj\u0119cia dziecka i rodzica opiek\u0105;<\/li>\n<li>zapewnia dziecku zakwalifikowanemu na leczenie, nie maj\u0105cemu w USA rodziny i przybywaj\u0105cemu do Stan\u00f3w z jednym rodzicem, mieszkania, wy\u017cywienia\u00a0\u00a0 i transportu;<\/li>\n<li>umozliwia dziecku i rodzicowi \u00a0kontakt ze szpitalem za po\u015brednictwem wskazanego t\u0142umacza. T\u0142umacz jest obecny w szpitalu tak\u017ce wtedy, gdy dziecko i\/lub rodzic znaj\u0105\u00a0j\u0119zyk angielski;<\/li>\n<li>zakupuje, o ile pozwalaj\u0105 na to posiadane \u015brodki, sprz\u0119t ortopedyczny\u00a0i\u00a0rehabilitacyjny dla dzieci.<\/li>\n<\/ul>\n<p>B. Do powinno\u015bci\u00a0rodzic\u00f3w obj\u0119tych opiek\u0105 Fundacji nale\u017cy :<\/p>\n<ul>\n<li>uczestniczenie wraz z dzie\u0107mi w przedsi\u0119wzi\u0119ciach maj\u0105cych na celu zebranie \u015brodk\u00f3w na dzia\u0142alno\u015b\u0107 Daru Serca<\/li>\n<li><strong>wyra\u017cenie zgody na wykonanie\u00a0i wykorzystanie zdje\u0107 dziecka, film\u00f3w video i innego rodzaju\u00a0materia\u0142\u00f3w,\u00a0dla cel\u00f3w popularyzacji Fundacji w \u015brodkach masowego przekazu\u00a0w Polsce i poza jej granicami, mi\u0119dzy innymi\u00a0w telewizji, radiu, prasie, internecie, na ulotkach, plakatach i w filmach video reklamujacych i informujacych o dzialalnosci Fundacji Dar Serca jak te\u017c na skarbonkach w miejscach publicznych.<\/strong><\/li>\n<li>\u00a0informowanie biura Fundacji o wszelkich zmianach w zakresie sytuacji materialnej, spowodowanych podj\u0119ciem pracy, otrzymaniem dodatkowej pomocy, itp;\u00a0informowanie o zamiarach dotycz\u0105cych uzyskania zabezpieczenia socjalnego (\u201csocial security\u201d) i szko\u0142y dla dziecka<\/li>\n<li>zg\u0142asznie cz\u0142onkom Zarz\u0105du Fundacji, lub biuru Fundacji wszelkich potrzeb dotycz\u0105cych leczenia, warunk\u00f3w mieszkaniowch, transportu, zaoatrzenia itp.<\/li>\n<li>anga\u017cowanie do tych spraw os\u00f3b z zewn\u0105trz nie wy\u0142\u0105czaj\u0105c sponsor\u00f3w, wo-lontariuszy i sympatyk\u00f3w Fundacji mo\u017ce nast\u0105pi\u0107 tylko i wy\u0142\u0105cznie w poro-zumienieu z cz\u0142onkami Zarzadu lub biurem Fundacji.<\/li>\n<li>zg\u0142aszanie cz\u0142onkom Zarz\u0105du wszelkich uwag odno\u015bnie \u015bwiadczonej pomocy, funkcjonowania Daru\u00a0Serca itp.<\/li>\n<li>troska o podnoszenie presti\u017cu Fundacji; bezwzgl\u0119dnie niedopuszczalne jest szkodzenie jej dobremu imieniu<\/li>\n<li>uzyskanie pisemnej zgody Zarz\u0105du Fundacji w przypadku w\u0142asnych stara\u0144\u00a0rodzic\u00f3w o konsultacj\u0119 lub leczenie w p\u0142atnych szpitalach i o\u015brodkach medycznych<\/li>\n<li>nieorganizowanie zbi\u00f3rek pieni\u0119dzy na\u00a0rzecz\u00a0w\u0142asnych dzieci; nieotwieranie w zwi\u0105zku z tym kont bankowych; organizowanie zbi\u00f3rek pieni\u0119\u017cnych\u00a0przez rodzic\u00f3w (w prasie, radiu, w\u00a0publicznych i prywatnych miejscach ) jest niedopuszczalne bez zgody Zarzadu Fundacji.<\/li>\n<li>reaspektowanie limitu baga\u017cowego Polskich Linii Lotniczych \u2018\u2019LOT \u2018\u2019 i innych przewo\u017cnik\u00f3w \u2013 pro\u015bby o odst\u0119pstwo\u00a0od\u00a0tej\u00a0regu\u0142y podyktowane istotnymi okoliczno\u015bciami\u00a0(np. przewiezienie sprz\u0119tu\u00a0rehabilitacyjnego ) musz\u0105 by\u0107 zg\u0142aszane do akceptacji \u2019\u2019LOT \u201d\u00a0i innych przewoznik\u00f3w kilka dni przed podr\u00f3\u017c\u0105.<\/li>\n<li>wykupienie przez rodzica\/opiekuna przed przyjazdem do USA ubezpieczenia umo\u017cliwiaj\u0105cego w razie choroby lub nieszcz\u0119\u015bliwego wypadku leczenia w tutejszych plac\u00f3wkach medycznych.<\/li>\n<li>wyleczenie wszelkich schorze\u0144 uz\u0119bienia dziecka; konieczne jest\u00a0za\u015bwiadczenie o dobrym stanie z\u0119b\u00f3w wydanym przez stomatologa.<\/li>\n<li>aktywne wsp\u00f3\u0142dzia\u0142anie z Fundacj\u0105 we wszystkim, co wi\u0105\u017ce si\u0119 ze stworzeniem optymalnych warunk\u00f3w\u00a0leczenia.<\/li>\n<li>niedokonywanie zakup\u00f3w na koszt Fundacji.<\/li>\n<li>O obj\u0119ciu dziecka i rodzica opiek\u0105 decyduje Zarz\u0105d Fundacji lub upowa\u017cniony przeze\u0144 organ rozpatruj\u0105cy podania w tej sprawie.<\/li>\n<li>Opieka rozpoczyna si\u0119 w chwili rozpocz\u0119cia leczenia, ustaje w chwili jego zako\u0144czenia. W ci\u0105gu tygodnia od tego momentu licz\u0105c, powinien nast\u0105pi\u0107 powr\u00f3t do Polski.<\/li>\n<li>W przypadku niedostosowania si\u0119 do w\/w wymogu Fundacja jest zobowiazana do powiadomienia Ambasady \/ Konsulatu USA w Polsce, Urzedu, ktory wydal wiz\u0119 wjazdowa do USA<\/li>\n<\/ul>\n<p>C.\u00a0 Opiek\u0105 obj\u0119te b\u0119d\u0105 wy\u0142\u0105cznie dzieci, kt\u00f3rych rodzice w\u0142asnor\u0119cznym podpisem potwierdz\u0105 akceptacj\u0119 postanowie\u0144 zawartych w \u00a0\u00a0\u00a0niniejszym dokumencie. Ich nierespektowanie powodowa\u0107 b\u0119dzie zawieszenie opieki.<\/p>\n<p>D.\u00a0\u00a0\u00a0 W\u0105tpliwo\u015bci dotycz\u0105ce zawartych tu sformu\u0142owa\u0144 roztrzyga Zarz\u0105d Fundacji. Okre\u015bla on tak\u017ce inne nie uj\u0119te tu powinno\u015bci dzieci i rodzic\u00f3w.<\/p>\n<\/div>\n<p><\/p>","protected":false},"excerpt":{"rendered":"<p>ZASADY I WARUNKI POMOCY UDZIELANEJ PRZEZ DAR SERCA Na podstawie artyku\u0142u 1 i 2 statutu\u00a0Fundacji Dar Serca\u00a0ustala si\u0119, co nast\u0119puje A. W celu umo\u017cliwienia dzieciom&hellip;<\/p>\n","protected":false},"author":1,"featured_media":0,"parent":0,"menu_order":0,"comment_status":"closed","ping_status":"closed","template":"","meta":[],"_links":{"self":[{"href":"https:\/\/darserca.org\/pl\/wp-json\/wp\/v2\/pages\/92"}],"collection":[{"href":"https:\/\/darserca.org\/pl\/wp-json\/wp\/v2\/pages"}],"about":[{"href":"https:\/\/darserca.org\/pl\/wp-json\/wp\/v2\/types\/page"}],"author":[{"embeddable":true,"href":"https:\/\/darserca.org\/pl\/wp-json\/wp\/v2\/users\/1"}],"replies":[{"embeddable":true,"href":"https:\/\/darserca.org\/pl\/wp-json\/wp\/v2\/comments?post=92"}],"version-history":[{"count":0,"href":"https:\/\/darserca.org\/pl\/wp-json\/wp\/v2\/pages\/92\/revisions"}],"wp:attachment":[{"href":"https:\/\/darserca.org\/pl\/wp-json\/wp\/v2\/media?parent=92"}],"curies":[{"name":"wp","href":"https:\/\/api.w.org\/{rel}","templated":true}]}}